{"id":17,"date":"2014-08-26T13:05:56","date_gmt":"2014-08-26T11:05:56","guid":{"rendered":"http:\/\/www.bialybor.koszalin.opoka.org.pl\/?page_id=17"},"modified":"2025-05-04T12:06:52","modified_gmt":"2025-05-04T10:06:52","slug":"historia","status":"publish","type":"page","link":"http:\/\/www.bialybor.koszalin.opoka.org.pl\/?page_id=17","title":{"rendered":"Historia"},"content":{"rendered":"\n<h3>Historia Parafii<\/h3>\n\n<p>Pocz\u0105tki powstania parafii katolickiej w Bia\u0142ym Borze si\u0119gaj\u0105 roku <strong>1287<\/strong>, kiedy to ksi\u0105\u017c\u0119 gda\u0144ski M\u015bciw\u00f3j II, podobnie jak w tym samym roku w Cz\u0142uchowie i Tucholi, funduje parafi\u0119 w Bia\u0142ym Borze. T\u0119 dat\u0119 uznajemy za moment powstania naszej parafii.<\/p>\n\n<p>W <strong>1382<\/strong> roku Bia\u0142y B\u00f3r zyskuje prawa miejskie. Potwierdza je i przywileje parafialne Wielki Mistrz Zakonu Krzy\u017cackiego Konrad Zollner von Rotenstein w <strong>1385<\/strong> roku. Przywileje te potwierdza r\u00f3wnie\u017c 10 sierpnia <strong>1408<\/strong> roku Wielki Mistrz Urlich von Jungingen.<\/p>\n\n<p>Okres reformacji przynosi wielk\u0105 zmienno\u015b\u0107 w przynale\u017cno\u015bci ko\u015bcio\u0142a do r\u00f3\u017cnych wsp\u00f3lnot. Tragiczny by\u0142 rok <strong>1640<\/strong>, kiedy to protestanci zabili przy o\u0142tarzu proboszcza ks. Martina Simona. Postrzelony ornat tego\u017c kap\u0142ana do II wojny \u015bwiatowej przechowywano pod o\u0142tarzem ko\u015bcio\u0142a pw. \u015bw. Micha\u0142a Archanio\u0142a.<\/p>\n\n<p>W <strong>1772<\/strong> roku, w wyniku pierwszego rozbioru Polski, Bia\u0142y B\u00f3r i jego parafia przechodz\u0105 pod w\u0142adanie pruskie. Ko\u015bci\u00f3\u0142 powoli pustoszeje, liczba wiernych maleje, a podpalona \u015bwi\u0105tynia zostaje tak zdewastowana, \u017ce od <strong>1796<\/strong> roku jest nieczynna i rozebrana ze wzgl\u0119d\u00f3w bezpiecze\u0144stwa.<\/p>\n\n<p>Katolicy mieszkaj\u0105cy w Bia\u0142ym Borze w <strong>1818<\/strong> roku odwa\u017cnie domagaj\u0105 si\u0119 odbudowy ko\u015bcio\u0142a. Ze wzgl\u0119du na ma\u0142\u0105 liczb\u0119 wiernych, parafia w <strong>1820<\/strong> roku staje si\u0119 fili\u0105 parafii w Koczale. Starania przynosz\u0105 efekt \u2013 w <strong>1878<\/strong> roku wybudowano nowy ko\u015bci\u00f3\u0142 pw. \u015bw. Micha\u0142a Archanio\u0142a, po\u015bwi\u0119cony 28 grudnia tego\u017c roku.<\/p>\n\n<p>Po II wojnie \u015bwiatowej do Bia\u0142ego Boru przybywaj\u0105 nowi osadnicy katoliccy. Parafi\u0119 obs\u0142uguj\u0105 proboszczowie ze Starego Wierzchowa i Brzezia. Do <strong>1974<\/strong> roku ko\u015bci\u00f3\u0142 w Bia\u0142ym Borze by\u0142 fili\u0105 parafii w Brzeziu.<\/p>\n\n<p>Dnia 25 stycznia <strong>1974<\/strong> roku bp Ignacy Je\u017c powo\u0142a\u0142 parafi\u0119 pw. \u015bw. Wojciecha Biskupa M\u0119czennika w S\u0119polnie Wielkim z siedzib\u0105 w Bia\u0142ym Borze. W dekrecie erekcyjnym zapisano, \u017ce powsta\u0142a ona z podzia\u0142u parafii NMP Wspomo\u017cenia Wiernych w Miastku oraz \u015bw. Wawrzy\u0144ca M\u0119czennika w Brzeziu.<\/p>\n\n<p>Pierwszym proboszczem zosta\u0142 ks. Tadeusz Grygorowicz. Ko\u015bcio\u0142em parafialnym by\u0142 wtedy ko\u015bci\u00f3\u0142 \u015bw. Wojciecha w S\u0119polnie, a ko\u015bci\u00f3\u0142 \u015bw. Micha\u0142a Archanio\u0142a w Bia\u0142ym Borze pe\u0142ni\u0142 funkcj\u0119 proparafialn\u0105. Ko\u015bcio\u0142ami filialnymi by\u0142y \u015bw. Stanis\u0142aw Biskup M\u0119czennik w Ko\u0142tkach, NSPJ w S\u0119polnie Ma\u0142ym, \u015bw. Andrzej w Grabowie, \u015bw. Krzy\u017c w Drzonowie oraz Narodzenia NMP w Bia\u0142ym Borze (greckokatolicki).<\/p>\n\n<p>W listopadzie <strong>1974<\/strong> roku proboszczem zosta\u0142 ks. Marian Le\u015bniewski \u2013 najpierw jako wikariusz zarz\u0105dca, potem administrator do roku <strong>1976<\/strong>. 3 grudnia <strong>1976<\/strong> roku proboszczem zosta\u0142 ks. Andrzej Krupczy\u0144ski. 13 czerwca <strong>1980<\/strong> roku nast\u0105pi\u0142a zmiana nazwy parafii \u2013 Parafia S\u0119polno Wielkie z siedzib\u0105 w Bia\u0142ym Borze staje si\u0119 Parafi\u0105 Bia\u0142y B\u00f3r. Ko\u015bci\u00f3\u0142 \u015bw. Micha\u0142a Archanio\u0142a staje si\u0119 ko\u015bcio\u0142em parafialnym.<\/p>\n\n<p>W <strong>1988<\/strong> roku do parafii przybywa ks. J\u00f3zef Lubszczyk jako wikariusz z zadaniem zorganizowania samodzielnego wikariatu w Drzonowie. W tym czasie dojrzewa idea budowy nowego ko\u015bcio\u0142a \u2013 Komitet Budowy Ko\u015bcio\u0142a powstaje, a w <strong>1984<\/strong> roku rozpoczynaj\u0105 si\u0119 prace budowlane.<\/p>\n\n<p>W <strong>1991<\/strong> roku nowym proboszczem zostaje ks. Zbigniew Krawczyk, kt\u00f3ry kontynuuje budow\u0119 i odprawia pierwsz\u0105 Msz\u0119 \u015bw. w stanie surowym. W <strong>1994<\/strong> roku proboszczem zostaje ks. Andrzej Bujar, kt\u00f3ry pos\u0142uguje do 26 sierpnia <strong>2000<\/strong> roku.<\/p>\n\n<p>26 sierpnia <strong>2000<\/strong> roku proboszczem zostaje ks. J\u00f3zef Bara\u0144czuk. Jego celem jest doprowadzenie do konsekracji \u015bwi\u0105tyni. 18 lutego <strong>2001<\/strong> roku bp Marian Go\u0142\u0119biewski dokonuje jej konsekracji, nadaj\u0105c godno\u015b\u0107 ko\u015bcio\u0142a parafialnego. 3 maja <strong>2001<\/strong> roku parafia otrzymuje wezwanie Naj\u015bwi\u0119tszej Maryi Panny Kr\u00f3lowej Polski.<\/p>\n\n<p>W ko\u015bciele parafialnym znajduj\u0105 si\u0119 relikwie \u015bw. Floriana, sprowadzone z Krakowa 28 kwietnia <strong>2001<\/strong> roku i uroczy\u015bcie zainstalowane 4 maja <strong>2004<\/strong> roku \u2013 w patronalne \u015bwi\u0119to stra\u017cak\u00f3w.<\/p>\n\n<p>W <strong>2005<\/strong> roku siostra El\u017cbieta Kleban, prze\u0142o\u017cona prowincjalna Zgromadzenia Si\u00f3str S\u0142u\u017cek NMPN, przekaza\u0142a parafii relikwie b\u0142. Honorata Ko\u017ami\u0144skiego. Uroczyste wprowadzenie mia\u0142o miejsce podczas Dnia Papieskiego w 2005 roku.<\/p>\n\n","protected":false},"excerpt":{"rendered":"<p>Historia Parafii Pocz\u0105tki powstania parafii katolickiej w Bia\u0142ym Borze si\u0119gaj\u0105 roku 1287, kiedy to ksi\u0105\u017c\u0119 gda\u0144ski M\u015bciw\u00f3j II, podobnie jak w tym samym roku w Cz\u0142uchowie i Tucholi, funduje parafi\u0119 w Bia\u0142ym Borze. T\u0119 dat\u0119 uznajemy za moment powstania naszej parafii. W 1382 roku Bia\u0142y B\u00f3r zyskuje prawa miejskie. Potwierdza je i przywileje parafialne Wielki &#8230; <span class=\"more\"><a class=\"more-link\" href=\"http:\/\/www.bialybor.koszalin.opoka.org.pl\/?page_id=17\">[Read more&#8230;]<\/a><\/span><\/p>\n","protected":false},"author":1,"featured_media":0,"parent":0,"menu_order":30,"comment_status":"closed","ping_status":"open","template":"page-full-width.php","meta":[],"_links":{"self":[{"href":"http:\/\/www.bialybor.koszalin.opoka.org.pl\/index.php?rest_route=\/wp\/v2\/pages\/17"}],"collection":[{"href":"http:\/\/www.bialybor.koszalin.opoka.org.pl\/index.php?rest_route=\/wp\/v2\/pages"}],"about":[{"href":"http:\/\/www.bialybor.koszalin.opoka.org.pl\/index.php?rest_route=\/wp\/v2\/types\/page"}],"author":[{"embeddable":true,"href":"http:\/\/www.bialybor.koszalin.opoka.org.pl\/index.php?rest_route=\/wp\/v2\/users\/1"}],"replies":[{"embeddable":true,"href":"http:\/\/www.bialybor.koszalin.opoka.org.pl\/index.php?rest_route=%2Fwp%2Fv2%2Fcomments&post=17"}],"version-history":[{"count":6,"href":"http:\/\/www.bialybor.koszalin.opoka.org.pl\/index.php?rest_route=\/wp\/v2\/pages\/17\/revisions"}],"predecessor-version":[{"id":2039,"href":"http:\/\/www.bialybor.koszalin.opoka.org.pl\/index.php?rest_route=\/wp\/v2\/pages\/17\/revisions\/2039"}],"wp:attachment":[{"href":"http:\/\/www.bialybor.koszalin.opoka.org.pl\/index.php?rest_route=%2Fwp%2Fv2%2Fmedia&parent=17"}],"curies":[{"name":"wp","href":"https:\/\/api.w.org\/{rel}","templated":true}]}}