{"id":20,"date":"2014-08-26T13:11:49","date_gmt":"2014-08-26T11:11:49","guid":{"rendered":"http:\/\/www.bialybor.koszalin.opoka.org.pl\/?page_id=20"},"modified":"2025-05-04T11:55:26","modified_gmt":"2025-05-04T09:55:26","slug":"kalendarium","status":"publish","type":"page","link":"http:\/\/www.bialybor.koszalin.opoka.org.pl\/?page_id=20","title":{"rendered":"Kalendarium"},"content":{"rendered":"\n<h3>Kalendarium<\/h3>\n\n<p><strong>1287 r.<\/strong> \u2013 ksi\u0105\u017c\u0119 gda\u0144ski M\u015bciw\u00f3j II funduje parafi\u0119 w Bia\u0142ym Borze.<\/p>\n<p><strong>1374 r.<\/strong> \u2013 powstanie wsi Grabowo i pierwszego ko\u015bcio\u0142a katolickiego.<\/p>\n<p><strong>1381 r.<\/strong> \u2013 powstanie wsi Brze\u017anica.<\/p>\n<p><strong>1382 r.<\/strong> \u2013 nadanie praw miejskich przez Wielkiego Mistrza Zakonu Konrada Zollnera von Rotenstein.<\/p>\n<p><strong>1385 r.<\/strong> \u2013 powstanie wsi Kaliska.<\/p>\n<p><strong>1395 r.<\/strong> \u2013 potwierdzenie lokacji miasta przez Wielkiego Mistrza zakonu Konrada Zollnera von Rotenstein; miasto lokowano na prawie che\u0142mi\u0144skim.<\/p>\n<p><strong>1408 r.<\/strong> \u2013 po\u017car miasta; Wielki Mistrz Urlich von Jungingen odnawia przywileje lokacyjne; wobec zniszczenia posiad\u0142o\u015bci proboszcza w mie\u015bcie nada\u0142 proboszczowi Bia\u0142ego Boru Piotrowi Malczanowi wie\u015b Biskupice.<\/p>\n<p><strong>1410 r.<\/strong> \u2013 przymierze ksi\u0119cia s\u0142upskiego Bogus\u0142awa VIII z Zakonem; po\u017car Bia\u0142ego Boru \u2013 sp\u0142on\u0105\u0142 ko\u015bci\u00f3\u0142.<\/p>\n<p><strong>1433 r.<\/strong> \u2013 husyci dokonuj\u0105 grabie\u017cy miasta.<\/p>\n<p><strong>1466 r.<\/strong> \u2013 w wyniku pokoju toru\u0144skiego Bia\u0142y B\u00f3r wraca do Polski; kr\u00f3l Kazimierz Jagiello\u0144czyk odnawia przywileje nadane przez Zakon.<\/p>\n<p><strong>1522 r.<\/strong> \u2013 przywileje potwierdza kr\u00f3l Zygmunt August, a w 1578 r. kr\u00f3l Stefan Batory.<\/p>\n<p><strong>1640 r.<\/strong> \u2013 sp\u00f3r mi\u0119dzy ewangelikami i katolikami, w wyniku kt\u00f3rego zastrzelono proboszcza Simona Martina i nauczyciela Kutnera.<\/p>\n<p><strong>1645 r.<\/strong> \u2013 kr\u00f3l W\u0142adys\u0142aw IV wysy\u0142a do Bia\u0142ego Boru komisarza kr\u00f3lewskiego, kt\u00f3ry nakazuje odbudow\u0119 \u015bwi\u0105tyni.<\/p>\n<p><strong>1655 r.<\/strong> \u2013 wielki po\u017car miasta i ko\u015bcio\u0142a.<\/p>\n<p><strong>1656\u20131657 r.<\/strong> \u2013 przybywaj\u0105 wojska szwedzkie.<\/p>\n<p><strong>1685 r.<\/strong> \u2013 wybudowano ko\u015bci\u00f3\u0142 w S\u0119polnie Wielkim.<\/p>\n<p><strong>1693 r.<\/strong> \u2013 wybudowano ko\u015bci\u00f3\u0142 w S\u0119polnie Ma\u0142ym.<\/p>\n<p><strong>1698 r.<\/strong> \u2013 urodzi\u0142 si\u0119 w Grabowie Adam Stanis\u0142aw Grabowski-Gotzendorff, p\u00f3\u017aniejszy biskup warmi\u0144ski.<\/p>\n<p><strong>1711 r.<\/strong> \u2013 epidemia \u201eczarnej \u015bmierci\u201d.<\/p>\n<p><strong>1721 r.<\/strong> \u2013 biskup Grabowski zwraca ko\u015bci\u00f3\u0142 katolikom.<\/p>\n<p><strong>1757 r.<\/strong> \u2013 w Bia\u0142ym Borze kwateruj\u0105 oddzia\u0142y rosyjskie.<\/p>\n<p><strong>1765 r.<\/strong> \u2013 sp\u0142on\u0105\u0142 ko\u015bci\u00f3\u0142 ewangelicki i dokument lokacyjny; miasto odbudowane i potwierdzone przez kr\u00f3la Stanis\u0142awa Augusta.<\/p>\n<p><strong>1772 r.<\/strong> \u2013 pierwszy rozbi\u00f3r Rzeczypospolitej; miasto przechodzi pod panowanie Prus.<\/p>\n<p><strong>1796 r.<\/strong> \u2013 ko\u015bci\u00f3\u0142 katolicki prawie nieu\u017cywany z powodu gro\u017aby zawalenia.<\/p>\n<p><strong>XIX w.<\/strong> \u2013 wybudowano ko\u015bci\u00f3\u0142 w Ko\u0142tkach.<\/p>\n<p><strong>1806\u20131807 r.<\/strong> \u2013 dzia\u0142ania wojsk napoleo\u0144skich.<\/p>\n<p><strong>1818 r.<\/strong> \u2013 katolicy domagaj\u0105 si\u0119 odbudowy ko\u015bcio\u0142a.<\/p>\n<p><strong>1820 r.<\/strong> \u2013 parafia Bia\u0142y B\u00f3r staje si\u0119 fili\u0105 parafii w Koczale.<\/p>\n<p><strong>1878 r.<\/strong> \u2013 wybudowano i po\u015bwi\u0119cono obecny ko\u015bci\u00f3\u0142 pw. \u015bw. Micha\u0142a Archanio\u0142a.<\/p>\n<p><strong>1919 r.<\/strong> \u2013 w wyniku Traktatu Wersalskiego Bia\u0142y B\u00f3r przydzielony Republice Weimarskiej.<\/p>\n<p><strong>Lata 20. XX w.<\/strong> \u2013 wybudowano ko\u015bci\u00f3\u0142 na cmentarzu.<\/p>\n<p><strong>1930 r.<\/strong> \u2013 Towarzystwo \u015bw. Bonifacego buduje ko\u015bci\u00f3\u0142 w Gotowie.<\/p>\n<p><strong>1945 r.<\/strong> \u2013 ewakuacja ludno\u015bci; powstaje pierwsza polska administracja.<\/p>\n<p><strong>1954 r.<\/strong> \u2013 rozbudowa ko\u015bcio\u0142a, fundacja figury Matki Bo\u017cej.<\/p>\n<p><strong>1957 r.<\/strong> \u2013 utworzenie cerkwi greckokatolickiej w kaplicy cmentarnej.<\/p>\n<p><strong>1974\u20131980 r.<\/strong> \u2013 erygowanie parafii, zmiany administrator\u00f3w i status\u00f3w ko\u015bcio\u0142\u00f3w.<\/p>\n<p><strong>1991\u20132000 r.<\/strong> \u2013 kolejne nominacje proboszcz\u00f3w, powstanie Caritasu, konsekracja ko\u015bcio\u0142a NMP Kr\u00f3lowej Polski.<\/p>\n<p><strong>2001\u20132010 r.<\/strong> \u2013 rozbudowa plebanii, remonty, renowacje zabytk\u00f3w i prace przy cmentarzu i ko\u015bcio\u0142ach filialnych.<\/p>\n","protected":false},"excerpt":{"rendered":"<p>Kalendarium 1287 r. \u2013 ksi\u0105\u017c\u0119 gda\u0144ski M\u015bciw\u00f3j II funduje parafi\u0119 w Bia\u0142ym Borze. 1374 r. \u2013 powstanie wsi Grabowo i pierwszego ko\u015bcio\u0142a katolickiego. 1381 r. \u2013 powstanie wsi Brze\u017anica. 1382 r. \u2013 nadanie praw miejskich przez Wielkiego Mistrza Zakonu Konrada Zollnera von Rotenstein. 1385 r. \u2013 powstanie wsi Kaliska. 1395 r. \u2013 potwierdzenie lokacji miasta &#8230; <span class=\"more\"><a class=\"more-link\" href=\"http:\/\/www.bialybor.koszalin.opoka.org.pl\/?page_id=20\">[Read more&#8230;]<\/a><\/span><\/p>\n","protected":false},"author":1,"featured_media":0,"parent":0,"menu_order":28,"comment_status":"closed","ping_status":"open","template":"page-full-width.php","meta":[],"_links":{"self":[{"href":"http:\/\/www.bialybor.koszalin.opoka.org.pl\/index.php?rest_route=\/wp\/v2\/pages\/20"}],"collection":[{"href":"http:\/\/www.bialybor.koszalin.opoka.org.pl\/index.php?rest_route=\/wp\/v2\/pages"}],"about":[{"href":"http:\/\/www.bialybor.koszalin.opoka.org.pl\/index.php?rest_route=\/wp\/v2\/types\/page"}],"author":[{"embeddable":true,"href":"http:\/\/www.bialybor.koszalin.opoka.org.pl\/index.php?rest_route=\/wp\/v2\/users\/1"}],"replies":[{"embeddable":true,"href":"http:\/\/www.bialybor.koszalin.opoka.org.pl\/index.php?rest_route=%2Fwp%2Fv2%2Fcomments&post=20"}],"version-history":[{"count":3,"href":"http:\/\/www.bialybor.koszalin.opoka.org.pl\/index.php?rest_route=\/wp\/v2\/pages\/20\/revisions"}],"predecessor-version":[{"id":2035,"href":"http:\/\/www.bialybor.koszalin.opoka.org.pl\/index.php?rest_route=\/wp\/v2\/pages\/20\/revisions\/2035"}],"wp:attachment":[{"href":"http:\/\/www.bialybor.koszalin.opoka.org.pl\/index.php?rest_route=%2Fwp%2Fv2%2Fmedia&parent=20"}],"curies":[{"name":"wp","href":"https:\/\/api.w.org\/{rel}","templated":true}]}}